{"id":849,"date":"2026-03-17T21:36:34","date_gmt":"2026-03-17T20:36:34","guid":{"rendered":"https:\/\/shantychor-celle.de\/?page_id=849"},"modified":"2026-03-25T16:03:03","modified_gmt":"2026-03-25T15:03:03","slug":"unsere-songs","status":"publish","type":"page","link":"https:\/\/shantychor-celle.de\/?page_id=849","title":{"rendered":"Unsere Songs"},"content":{"rendered":"\n<p>Hier finden Sie eine \u00dcbersicht aller Lieder aus unserem Repertoire. Von klassischen Shanties \u00fcber internationale Seemannslieder bis hin zu plattdeutschen St\u00fccken \u2013 unsere Musik spiegelt die Vielfalt und Stimmung der maritimen Welt wider.<\/p>\n\n\n\n<p>St\u00f6bern Sie durch unsere Songliste und entdecken Sie die Titel, mit denen wir bei unseren Auftritten, auch auf Ihren privaten Feiern, f\u00fcr echte Hafenatmosph\u00e4re sorgen:<\/p>\n\n\n\n<h4 class=\"wp-block-heading\">Shantys, Seasongs, Seemannslieder<\/h4>\n\n\n\n<ul class=\"wp-block-list\">\n<li>A hundred Years ago<\/li>\n\n\n\n<li>A long Time ago<\/li>\n\n\n\n<li>Abend am Meer<\/li>\n\n\n\n<li>Aloha Oe<\/li>\n\n\n\n<li>Amsterdam<\/li>\n\n\n\n<li>Anchors Aweigh<\/li>\n\n\n\n<li>Auf der Reeperbahn nachts um halb eins<\/li>\n\n\n\n<li>Auf Matrosen, die Anker gelichtet<\/li>\n\n\n\n<li>Auf Weihnachtshafenwache<\/li>\n\n\n\n<li>Besanschot an<\/li>\n\n\n\n<li>Blow the man down<\/li>\n\n\n\n<li>Buten is Wiehnacht<\/li>\n\n\n\n<li>Das ist die Liebe der Matrosen<\/li>\n\n\n\n<li>Das kann doch einen Seemann nicht ersch\u00fcttern<\/li>\n\n\n\n<li>Das Leed von Grog<\/li>\n\n\n\n<li>Dat Johr geiht to End<\/li>\n\n\n\n<li>De Hamborger Veermaster<\/li>\n\n\n\n<li>Dead Horse<\/li>\n\n\n\n<li>Des Seemanns Tageslauf<\/li>\n\n\n\n<li>Die Meerjungfrau \u2013 Story<\/li>\n\n\n\n<li>Die Windjammer kommen<\/li>\n\n\n\n<li>Die Wolken, der Wind und das weite Meer<\/li>\n\n\n\n<li>Eenmal nach Rio<\/li>\n\n\n\n<li>Einmal nach Bombay<\/li>\n\n\n\n<li>Einsam auf dem Meer ist des Seemanns Los<\/li>\n\n\n\n<li>Es ist so still geworden<\/li>\n\n\n\n<li>Fahr mich in die Ferne<\/li>\n\n\n\n<li>Fahrn wa mit&#8217;m Boot<\/li>\n\n\n\n<li>Farewell<\/li>\n\n\n\n<li>Fishherman\u2019s Haul<\/li>\n\n\n\n<li>Friesenlied (Nordseewellen)<\/li>\n\n\n\n<li>Good Night, Ladies<\/li>\n\n\n\n<li>Gorch Fock-Lied<\/li>\n\n\n\n<li>Hafen-Unterricht<\/li>\n\n\n\n<li>Hejo, hejo, Gin und Rum<\/li>\n\n\n\n<li>Hiev rund das Spill<\/li>\n\n\n\n<li>Hoch im Norden<\/li>\n\n\n\n<li>I am Sailing<\/li>\n\n\n\n<li>Ich bin bald wieder hier<\/li>\n\n\n\n<li>Im Hafen von New York<\/li>\n\n\n\n<li>Immer ran an den Wind<\/li>\n\n\n\n<li>In der Kneipe am Moor<\/li>\n\n\n\n<li>In Hamburg liegt ein Segelschiff<\/li>\n\n\n\n<li>Irgendwo im Hafen, mein Kind<\/li>\n\n\n\n<li>John Kanaka<\/li>\n\n\n\n<li>Kaperfahrt<\/li>\n\n\n\n<li>Kari waits for me<\/li>\n\n\n\n<li>Keine Frau ist so sch\u00f6n wie die Freiheit<\/li>\n\n\n\n<li>La Paloma<\/li>\n\n\n\n<li>Leise kommt die Nacht<\/li>\n\n\n\n<li>Leise kommt die Nacht (Adventsfassung)<\/li>\n\n\n\n<li>Marsch &#8211; Potpourri<\/li>\n\n\n\n<li>Mingulay Boatsong<\/li>\n<\/ul>\n\n\n\n<ul class=\"wp-block-list\">\n<li>Mit der Heimat im Herzen<\/li>\n\n\n\n<li>Molly Malone<\/li>\n\n\n\n<li>My Bonny is over the Ocean<\/li>\n\n\n\n<li>Nimm mich mit Kapit\u00e4n<\/li>\n\n\n\n<li>Noch drei Meilen bis Weihnacht<\/li>\n\n\n\n<li>Norddeich-Radio<\/li>\n\n\n\n<li>Oh Shenandoah<\/li>\n\n\n\n<li>Oh, Johnny, Johnny<\/li>\n\n\n\n<li>Reise Reise<\/li>\n\n\n\n<li>Rio Grande<\/li>\n\n\n\n<li>Roll the Cotton down<\/li>\n\n\n\n<li>Roll, Alabama, roll<\/li>\n\n\n\n<li>Rolling Home<\/li>\n\n\n\n<li>Sailing, sailing<\/li>\n\n\n\n<li>Salpetre Shanty<\/li>\n\n\n\n<li>Samoa-Song<\/li>\n\n\n\n<li>Santiano<\/li>\n\n\n\n<li>Sch\u00f6n ist die Liebe im Hafen<\/li>\n\n\n\n<li>Schwer mit den Sch\u00e4tzen des Orients<\/li>\n\n\n\n<li>Seemannsgarn<\/li>\n\n\n\n<li>Seemannsgarn<\/li>\n\n\n\n<li>Seemanns-Potpourri<\/li>\n\n\n\n<li>Seemannswalzer<\/li>\n\n\n\n<li>Shantymen sind very good<\/li>\n\n\n\n<li>Sie hie\u00df Mary-Ann<\/li>\n\n\n\n<li>Siebzehn Mann auf des toten Manns Kiste<\/li>\n\n\n\n<li>Sloop John B (englisch)<\/li>\n\n\n\n<li>St. Niclos w\u00fcer een Seemann<\/li>\n\n\n\n<li>Strike the Bell<\/li>\n\n\n\n<li>S\u00fcdsee-Lied<\/li>\n\n\n\n<li>The Leaving of Liverpool<\/li>\n\n\n\n<li>Totenmanns Kiste<\/li>\n\n\n\n<li>\u00dcber alle sieben Meere<\/li>\n\n\n\n<li>\u00dcber uns der blaue Himmel<\/li>\n\n\n\n<li>Un denn segelt wie so langsam<\/li>\n\n\n\n<li>Und dann geht es mit Volldampf<\/li>\n\n\n\n<li>Up she goes<\/li>\n\n\n\n<li>Vergangen, vergessen, vor\u00fcber<\/li>\n\n\n\n<li>Von Meer zu Meer<\/li>\n\n\n\n<li>Walzer-Potpourri<\/li>\n\n\n\n<li>Was wusste schon das Wasser<\/li>\n\n\n\n<li>Weihnacht auf hoher See<\/li>\n\n\n\n<li>Weihnacht im Hafen<\/li>\n\n\n\n<li>Weihnachts-Medley<\/li>\n\n\n\n<li>What shall we do with a drunken Sailor<\/li>\n\n\n\n<li>Whisky for my Johnny<\/li>\n\n\n\n<li>Wiehnacht an den Waterkant<\/li>\n\n\n\n<li>Wiehnacht, wat b\u00fcst du<\/li>\n\n\n\n<li>Winde weh\u2019n<\/li>\n\n\n\n<li>Windjammer<\/li>\n\n\n\n<li>Wir lagen vor Madagaskar<\/li>\n\n\n\n<li>Wir sind der Shanty-Chor von Celle<\/li>\n\n\n\n<li>Wir w\u00fcnschen Euch frohe Weihnacht<\/li>\n<\/ul>\n","protected":false},"excerpt":{"rendered":"<p>Hier finden Sie eine \u00dcbersicht aller Lieder aus unserem Repertoire. Von klassischen Shanties \u00fcber internationale Seemannslieder bis hin zu plattdeutschen St\u00fccken \u2013 unsere Musik spiegelt die Vielfalt und Stimmung der maritimen Welt wider. St\u00f6bern Sie durch unsere Songliste und entdecken Sie die Titel, mit denen wir bei unseren Auftritten, auch auf Ihren privaten Feiern, f\u00fcr echte Hafenatmosph\u00e4re sorgen: Shantys, Seasongs, Seemannslieder<\/p>\n","protected":false},"author":1,"featured_media":0,"parent":0,"menu_order":0,"comment_status":"closed","ping_status":"closed","template":"","meta":{"footnotes":""},"class_list":["post-849","page","type-page","status-publish","hentry"],"_links":{"self":[{"href":"https:\/\/shantychor-celle.de\/index.php?rest_route=\/wp\/v2\/pages\/849","targetHints":{"allow":["GET"]}}],"collection":[{"href":"https:\/\/shantychor-celle.de\/index.php?rest_route=\/wp\/v2\/pages"}],"about":[{"href":"https:\/\/shantychor-celle.de\/index.php?rest_route=\/wp\/v2\/types\/page"}],"author":[{"embeddable":true,"href":"https:\/\/shantychor-celle.de\/index.php?rest_route=\/wp\/v2\/users\/1"}],"replies":[{"embeddable":true,"href":"https:\/\/shantychor-celle.de\/index.php?rest_route=%2Fwp%2Fv2%2Fcomments&post=849"}],"version-history":[{"count":3,"href":"https:\/\/shantychor-celle.de\/index.php?rest_route=\/wp\/v2\/pages\/849\/revisions"}],"predecessor-version":[{"id":947,"href":"https:\/\/shantychor-celle.de\/index.php?rest_route=\/wp\/v2\/pages\/849\/revisions\/947"}],"wp:attachment":[{"href":"https:\/\/shantychor-celle.de\/index.php?rest_route=%2Fwp%2Fv2%2Fmedia&parent=849"}],"curies":[{"name":"wp","href":"https:\/\/api.w.org\/{rel}","templated":true}]}}