{"id":846,"date":"2026-03-17T21:31:37","date_gmt":"2026-03-17T20:31:37","guid":{"rendered":"https:\/\/shantychor-celle.de\/?page_id=846"},"modified":"2026-03-31T09:17:47","modified_gmt":"2026-03-31T07:17:47","slug":"unsere-stimmen","status":"publish","type":"page","link":"https:\/\/shantychor-celle.de\/?page_id=846","title":{"rendered":"Unsere Stimmen"},"content":{"rendered":"\n<p>Hinter unserem Klang stehen die Menschen, die ihn mit Leben f\u00fcllen. In diesem Bereich stellen wir Ihnen alle Mitglieder unseres Chores vor \u2013 die S\u00e4ngerinnen,S\u00e4nger und Instrumentalisten, die mit Leidenschaft, Engagement und Freude an der Musik gemeinsam auftreten.<\/p>\n\n\n\n<p>Jede Stimme tr\u00e4gt ihren ganz eigenen Teil zum Gesamtbild bei und macht unseren Chor zu dem, was er ist: eine starke Gemeinschaft mit einem unverwechselbaren Klang.<\/p>\n\n\n\n<p><strong><em>Unsere Stimmen:<\/em><\/strong><br><\/p>\n\n\n\n<figure class=\"wp-block-table is-style-stripes\" style=\"font-size:18px\"><table class=\"has-fixed-layout\"><thead><tr><th>Chormitglied<\/th><th>Besetzung<\/th><th>Funktion \/ Amt<\/th><\/tr><\/thead><tbody><tr><td>Birkner-Kreutz, Hannelore<\/td><td>1. Stimme<\/td><td><\/td><\/tr><tr><td>Born, J\u00fcrgen <\/td><td>2. Stimme<\/td><td><\/td><\/tr><tr><td>Carlsen, Peter<\/td><td>Akkordeon<\/td><td><\/td><\/tr><tr><td>Eggers, Bernd<\/td><td>1. Stimme<\/td><td><\/td><\/tr><tr><td>Engelen, Andreas<\/td><td>1. Stimme<\/td><td><\/td><\/tr><tr><td>Ensslen, Hartmut<\/td><td>1. Stimme<\/td><td>Erster Vorsitzender<\/td><\/tr><tr><td>Harms, Gerhard<\/td><td>2. Stimme<\/td><td>Kassenwart<\/td><\/tr><tr><td>Krauel, G\u00fcnther<\/td><td>1 Stimme, Gitarre<\/td><td><\/td><\/tr><tr><td>Krause, Harry<\/td><td>1. Stimme, Moderation<\/td><td><\/td><\/tr><tr><td>Lucke, Rainer<\/td><td>2. Stimme<\/td><td><\/td><\/tr><tr><td>Dr. Matzel, Joachim<\/td><td>Chorleiter<\/td><td><\/td><\/tr><tr><td>Meinecke, Heide<\/td><td>1. Stimme<\/td><td>Schriftf\u00fchrerin<\/td><\/tr><tr><td>Patt, Wolfgang<\/td><td>1. Stimme<\/td><td><\/td><\/tr><tr><td>Philipp, Jens<\/td><td>1 Stimme<\/td><td>Pressewart, Chronik<\/td><\/tr><tr><td>Potratz, Carsten<\/td><td>Akkordeon<\/td><td>Stvtr. Chorleiter<br>Notenwart<br>Technik<\/td><\/tr><tr><td>Reichel, Horst<\/td><td>2. Stimme<\/td><td><\/td><\/tr><tr><td>Riedel, Alexander<\/td><td>2. Stimme<\/td><td><\/td><\/tr><tr><td>R\u00f6hrbein, Hartmut<\/td><td>2. Stimme<\/td><td>Festausschuss<\/td><\/tr><tr><td>Schilling, Willy<\/td><td>1. Stimme<\/td><td>Zweiter Vorsitzender <br>Technik <br>PR Beauftragter<\/td><\/tr><tr><td>Schleinitz, Heidrun<\/td><td>1. Stimme<\/td><td>Festausschu\u00df, Zeugwart<\/td><\/tr><tr><td>Schr\u00f6der, Brigitta<\/td><td>1. Stimme<\/td><td><\/td><\/tr><tr><td>Schr\u00f6der, Wilfried<\/td><td>2. Stimme<\/td><td><\/td><\/tr><tr><td>Skribski, Werner<\/td><td>Akkordeon<\/td><td><\/td><\/tr><tr><td>S\u00f6lter, Uwe<\/td><td>1. Stimme<\/td><td><\/td><\/tr><tr><td>Stark, Dieter<\/td><td>1. Stimme<\/td><td><\/td><\/tr><tr><td>S\u00fchring, Richard<\/td><td>2. Stimme<\/td><td><\/td><\/tr><tr><td>Thielbeer, Gerd<\/td><td>1. Stimme<\/td><td><\/td><\/tr><tr><td>Winkler, Lutz<\/td><td>2. Stimme<\/td><td>Stellvertr. Notenwart<\/td><\/tr><tr><td>Zimmermann, Ilse<\/td><td>1. Stimme<\/td><td><\/td><\/tr><\/tbody><\/table><\/figure>\n","protected":false},"excerpt":{"rendered":"<p>Hinter unserem Klang stehen die Menschen, die ihn mit Leben f\u00fcllen. In diesem Bereich stellen wir Ihnen alle Mitglieder unseres Chores vor \u2013 die S\u00e4ngerinnen,S\u00e4nger und Instrumentalisten, die mit Leidenschaft, Engagement und Freude an der Musik gemeinsam auftreten. Jede Stimme tr\u00e4gt ihren ganz eigenen Teil zum Gesamtbild bei und macht unseren Chor zu dem, was er ist: eine starke Gemeinschaft mit einem unverwechselbaren Klang. Unsere Stimmen: Chormitglied Besetzung Funktion \/ Amt Birkner-Kreutz, Hannelore 1. Stimme Born, J\u00fcrgen 2. Stimme Carlsen, Peter Akkordeon Eggers, Bernd 1. Stimme Engelen, Andreas 1. Stimme Ensslen, Hartmut 1. Stimme Erster Vorsitzender Harms, Gerhard 2. Stimme&#8230; <a href=\"https:\/\/shantychor-celle.de\/?page_id=846\" class=\"readmore\">Weiterlesen<span class=\"screen-reader-text\">Unsere Stimmen<\/span><span class=\"fa fa-angle-double-right\" aria-hidden=\"true\"><\/span><\/a><\/p>\n","protected":false},"author":1,"featured_media":0,"parent":0,"menu_order":0,"comment_status":"closed","ping_status":"closed","template":"","meta":{"footnotes":""},"class_list":["post-846","page","type-page","status-publish","hentry"],"_links":{"self":[{"href":"https:\/\/shantychor-celle.de\/index.php?rest_route=\/wp\/v2\/pages\/846","targetHints":{"allow":["GET"]}}],"collection":[{"href":"https:\/\/shantychor-celle.de\/index.php?rest_route=\/wp\/v2\/pages"}],"about":[{"href":"https:\/\/shantychor-celle.de\/index.php?rest_route=\/wp\/v2\/types\/page"}],"author":[{"embeddable":true,"href":"https:\/\/shantychor-celle.de\/index.php?rest_route=\/wp\/v2\/users\/1"}],"replies":[{"embeddable":true,"href":"https:\/\/shantychor-celle.de\/index.php?rest_route=%2Fwp%2Fv2%2Fcomments&post=846"}],"version-history":[{"count":16,"href":"https:\/\/shantychor-celle.de\/index.php?rest_route=\/wp\/v2\/pages\/846\/revisions"}],"predecessor-version":[{"id":995,"href":"https:\/\/shantychor-celle.de\/index.php?rest_route=\/wp\/v2\/pages\/846\/revisions\/995"}],"wp:attachment":[{"href":"https:\/\/shantychor-celle.de\/index.php?rest_route=%2Fwp%2Fv2%2Fmedia&parent=846"}],"curies":[{"name":"wp","href":"https:\/\/api.w.org\/{rel}","templated":true}]}}