{"id":54,"date":"2026-03-17T19:01:56","date_gmt":"2026-03-17T18:01:56","guid":{"rendered":"https:\/\/shantychor-celle.de\/?page_id=54"},"modified":"2026-03-25T15:46:36","modified_gmt":"2026-03-25T14:46:36","slug":"das-sind-wir","status":"publish","type":"page","link":"https:\/\/shantychor-celle.de\/?page_id=54","title":{"rendered":"Chronik"},"content":{"rendered":"\n<p><strong>Gr\u00fcndung<\/strong><\/p>\n\n\n\n<p>1997<\/p>\n\n\n\n<p>Manfred Horstmann gr\u00fcndet den Shanty-Chor Celle mit 11 M\u00e4nnern und 1&nbsp;Frau<\/p>\n\n\n\n<h4 class=\"wp-block-heading\">USA-Tournee<\/h4>\n\n\n\n<p>1998<\/p>\n\n\n\n<p>Tournee durch die USA mit dem Chor Belcanto unter der Leitung von Stefan Heib (Direktor der Kreismusikschule Celle).<\/p>\n\n\n\n<p>1999<\/p>\n\n\n\n<h4 class=\"wp-block-heading\">Konzerte<\/h4>\n\n\n\n<p>Schlosskonzert und Singen beim Stra\u00dfenfest in Altwarmb\u00fcchen<\/p>\n\n\n\n<h4 class=\"wp-block-heading\">Neuer Chorleiter<\/h4>\n\n\n\n<p>2000<\/p>\n\n\n\n<p>Ralf D\u00f6ding wird neuer Chorleiter.<\/p>\n\n\n\n<p>2001<\/p>\n\n\n\n<h4 class=\"wp-block-heading\">1. Chorfestival<\/h4>\n\n\n\n<p>1. Chorfestival mit der Salzwasserriege aus Hamb\u00fchren, sowie Shantychor Graf Luckner aus Burgdorf.<br><br>Neuer Vorsitzender wurde Torsten Hammer.<\/p>\n\n\n\n<h4 class=\"wp-block-heading\">Er\u00f6ffnungslied<\/h4>\n\n\n\n<p>2002<\/p>\n\n\n\n<p>Neuvorstellung unseres Er\u00f6ffnungsliedes &#8222;Wir sind der Shanty Chor aus Celle&#8220;, komponiert von R. Brunotte.<br><br>Auftritte beim Festival auf Sylt und bei der Landesgartenschau in Wismar.<\/p>\n\n\n\n<p>2003<\/p>\n\n\n\n<h4 class=\"wp-block-heading\">2. Chorfestival<\/h4>\n\n\n\n<p>2. Chorfestival in der Celler Union mit dem Sylter Shantychor, dem Shanty-Chor Cuxhaven und dem Shantychor Graf Luckner.<\/p>\n\n\n\n<h4 class=\"wp-block-heading\">Festivals<\/h4>\n\n\n\n<p>2004<\/p>\n\n\n\n<p>Teilnahme an Festivals in Cuxhaven und Burgdorf, Singen im Kurpark Laboe. Der Chor z\u00e4hlt 34 S\u00e4nger.<\/p>\n\n\n\n<p>2005<\/p>\n\n\n\n<h4 class=\"wp-block-heading\">Ausland<\/h4>\n\n\n\n<p>Teilnahme an Festivals in Esbjerg, D\u00e4nemark und in Zuidbroek, Niederlande.<\/p>\n\n\n\n<h4 class=\"wp-block-heading\">Gemeinn\u00fctzigkeit<\/h4>\n\n\n\n<p>2006<\/p>\n\n\n\n<p>Der Shanty-Chor Celle wird ein eingetragener Verein und bekommt die Gemeinn\u00fctzigkeit. Neuer Name: Shanty-Chor Celle von 1997 e.V.<\/p>\n\n\n\n<p>2007<\/p>\n\n\n\n<h4 class=\"wp-block-heading\">CD-Aufnahme<\/h4>\n\n\n\n<p>Aufnahme einer CD. Eigenes Festival mit dem Shanty-Chor Cuxhaven, den Schweriner Kl\u00f6nk\u00f6ppen und dem Chor aus Esbjerg.<br><br>Hans Meyer wird neuer 1. Vorsitzender<\/p>\n\n\n\n<h4 class=\"wp-block-heading\">Chorreise<\/h4>\n\n\n\n<p>2008<\/p>\n\n\n\n<p>Chorreise nach Bregenz mit Auftritten in Bregenz, auf der Insel Mainau. Teilnahme an den Feierlichkeiten 20 Jahre Neu-Wulmstorf, Benefizkonzert in der Gertrudenkirche in Celle .<\/p>\n\n\n\n<p>2009<\/p>\n\n\n\n<h4 class=\"wp-block-heading\">Tag der Shanty-Ch\u00f6re<\/h4>\n\n\n\n<p>35. Tag der Shanty-Ch\u00f6re in Cuxhaven, 2\u2013Tagesreise nach Esbjerg zum Festival, Auftritt zusammen mit R\u00fcdiger Wolff beim weihnachtlichen Konzert in der CD-Kaserne.<\/p>\n\n\n\n<h4 class=\"wp-block-heading\">Freundschaft<\/h4>\n\n\n\n<p>2010<\/p>\n\n\n\n<p>Freundschaftliches Singen mit 6 Ch\u00f6ren in Nienhagen, Auftritte beim 30. Tag der Niedersachsen in Celle, Teilnahme am Festival in Brunsb\u00fcttel, sowie Auftritt zusammen mit allen Celler Shantych\u00f6ren im Schulzentrum Burgstra\u00dfe.<\/p>\n\n\n\n<p>2011<\/p>\n\n\n\n<h4 class=\"wp-block-heading\">Gunter Emmerlich<\/h4>\n\n\n\n<p>Auftritt gemeinsam mit Gunter Emmerlich und Weihnachtskonzert mit R\u00fcdiger Wolff<\/p>\n\n\n\n<h4 class=\"wp-block-heading\">Dresdner Frauenkirche<\/h4>\n\n\n\n<p>2012<\/p>\n\n\n\n<p>Ein ganz besonderer Auftritt: Singen in der Dresdener Frauenkirche, sowie im Dresdener Zwinger. Danke an Frau K\u00fchnemann, die uns hier die T\u00fcren ge\u00f6ffnet hat.<\/p>\n\n\n\n<p>2013<\/p>\n\n\n\n<h4 class=\"wp-block-heading\">Wachstum<\/h4>\n\n\n\n<p>Der Chor wurde gr\u00f6\u00dfer, nun sind 3 Frauen mit ihren Stimmen dabei. Auftritt in Hannover bei den Freimaurern. Festival in Halle, Gesangseinlage in der Papenburger Meyer-Werft.<\/p>\n\n\n\n<h4 class=\"wp-block-heading\">Tag der Shanty-Ch\u00f6re<\/h4>\n\n\n\n<p>2014<\/p>\n\n\n\n<p>Teilnahme am Tag der Shantych\u00f6re in Cuxhaven, Festivals in Brelingen und Laatzen.<\/p>\n\n\n\n<p>2015<\/p>\n\n\n\n<h4 class=\"wp-block-heading\">Eigenes Festival<\/h4>\n\n\n\n<p>Eigenes Festival mit Ch\u00f6ren aus Hamburg und Soltau. Weihnachtlicher Auftritt in der Garnisonskirche in Celle. Auftritt im Plenarsaal des OLG Celle.<br><br>Neuer Vorsitzender wird Helmut Baumgartner.<\/p>\n\n\n\n<h4 class=\"wp-block-heading\">Benefiz<\/h4>\n\n\n\n<p>2016<\/p>\n\n\n\n<p>Benefizkonzerte zugunsten von Unicef sowie der Marienkirche in Nienhagen. Auftritt bei der Freimaurerloge in Hannover.<\/p>\n\n\n\n<p>2017<\/p>\n\n\n\n<h4 class=\"wp-block-heading\">20 Jahre<\/h4>\n\n\n\n<p>Jubil\u00e4umsfestival mit 2 Gastch\u00f6ren in der Alten Exerzierhalle.<br><br>Der Chor ist gewachsen: aus ehemals 11 M\u00e4nnern und einer Frau wurden 45 M\u00e4nner und drei Frauen.<br><br>Neuer Chorleiter ist Dr. Joachim Matzel.<\/p>\n","protected":false},"excerpt":{"rendered":"<p>Gr\u00fcndung 1997 Manfred Horstmann gr\u00fcndet den Shanty-Chor Celle mit 11 M\u00e4nnern und 1&nbsp;Frau USA-Tournee 1998 Tournee durch die USA mit dem Chor Belcanto unter der Leitung von Stefan Heib (Direktor der Kreismusikschule Celle). 1999 Konzerte Schlosskonzert und Singen beim Stra\u00dfenfest in Altwarmb\u00fcchen Neuer Chorleiter 2000 Ralf D\u00f6ding wird neuer Chorleiter. 2001 1. Chorfestival 1. Chorfestival mit der Salzwasserriege aus Hamb\u00fchren, sowie Shantychor Graf Luckner aus Burgdorf. Neuer Vorsitzender wurde Torsten Hammer. Er\u00f6ffnungslied 2002 Neuvorstellung unseres Er\u00f6ffnungsliedes &#8222;Wir sind der Shanty Chor aus Celle&#8220;, komponiert von R. Brunotte. Auftritte beim Festival auf Sylt und bei der Landesgartenschau in Wismar. 2003 2&#8230;. <a href=\"https:\/\/shantychor-celle.de\/?page_id=54\" class=\"readmore\">Weiterlesen<span class=\"screen-reader-text\">Chronik<\/span><span class=\"fa fa-angle-double-right\" aria-hidden=\"true\"><\/span><\/a><\/p>\n","protected":false},"author":1,"featured_media":0,"parent":0,"menu_order":0,"comment_status":"closed","ping_status":"closed","template":"","meta":{"footnotes":""},"class_list":["post-54","page","type-page","status-publish","hentry"],"_links":{"self":[{"href":"https:\/\/shantychor-celle.de\/index.php?rest_route=\/wp\/v2\/pages\/54","targetHints":{"allow":["GET"]}}],"collection":[{"href":"https:\/\/shantychor-celle.de\/index.php?rest_route=\/wp\/v2\/pages"}],"about":[{"href":"https:\/\/shantychor-celle.de\/index.php?rest_route=\/wp\/v2\/types\/page"}],"author":[{"embeddable":true,"href":"https:\/\/shantychor-celle.de\/index.php?rest_route=\/wp\/v2\/users\/1"}],"replies":[{"embeddable":true,"href":"https:\/\/shantychor-celle.de\/index.php?rest_route=%2Fwp%2Fv2%2Fcomments&post=54"}],"version-history":[{"count":3,"href":"https:\/\/shantychor-celle.de\/index.php?rest_route=\/wp\/v2\/pages\/54\/revisions"}],"predecessor-version":[{"id":896,"href":"https:\/\/shantychor-celle.de\/index.php?rest_route=\/wp\/v2\/pages\/54\/revisions\/896"}],"wp:attachment":[{"href":"https:\/\/shantychor-celle.de\/index.php?rest_route=%2Fwp%2Fv2%2Fmedia&parent=54"}],"curies":[{"name":"wp","href":"https:\/\/api.w.org\/{rel}","templated":true}]}}