{"id":36,"date":"2026-03-15T14:40:03","date_gmt":"2026-03-15T13:40:03","guid":{"rendered":"https:\/\/shantychor-celle.de\/?page_id=36"},"modified":"2026-03-25T15:43:32","modified_gmt":"2026-03-25T14:43:32","slug":"ahoi","status":"publish","type":"page","link":"https:\/\/shantychor-celle.de\/?page_id=36","title":{"rendered":"Ahoi!"},"content":{"rendered":"\n<p>Moin Moin, liebe Freunde der Shanty-Musik!<\/p>\n\n\n\n<p>Seit unserer Gr\u00fcndung im Jahr 1997 steht der Shanty-Chor Celle von 1997 e.V. unter einem einfachen, aber wichtigen Motto:<br><strong>\u201eMit Singen Freude bereiten.\u201c<\/strong><\/p>\n\n\n<div class=\"wp-block-image\">\n<figure class=\"aligncenter size-full is-resized\"><img loading=\"lazy\" decoding=\"async\" width=\"720\" height=\"480\" src=\"https:\/\/shantychor-celle.de\/wp-content\/uploads\/2026\/03\/07_IMG_3840.jpg\" alt=\"\" class=\"wp-image-890\" style=\"aspect-ratio:1.5014746298533421;width:667px;height:auto\" srcset=\"https:\/\/shantychor-celle.de\/wp-content\/uploads\/2026\/03\/07_IMG_3840.jpg 720w, https:\/\/shantychor-celle.de\/wp-content\/uploads\/2026\/03\/07_IMG_3840-300x200.jpg 300w\" sizes=\"auto, (max-width: 720px) 100vw, 720px\" \/><figcaption class=\"wp-element-caption\">Shanty-Chor Celle<\/figcaption><\/figure>\n<\/div>\n\n\n<p>Diese Freude erleben wir nicht nur selbst beim gemeinsamen Musizieren, sondern m\u00f6chten sie vor allem auch mit unserem Publikum teilen.<\/p>\n\n\n\n<p>Besonders stolz sind wir darauf, dass sich unser Chor in den vergangenen Jahrzehnten entgegen vieler allgemeiner Entwicklungen im Chorwesen stetig vergr\u00f6\u00dfert hat. Aus anf\u00e4nglich 12 Mitgliedern ist eine starke Gemeinschaft von rund 30 S\u00e4ngerinnen und S\u00e4ngern geworden. Begleitet wird unser Gesang von Akkordeons und Gitarren \u2013, die unserem Klangbild eine besondere maritime Note verleihen.<\/p>\n\n\n\n<p>Unser Repertoire umfasst heute etwa 100 St\u00fccke: klassische Shanties, Seemannslieder in deutscher und englischer Sprache sowie Lieder in plattdeutscher Mundart. Auch ein vollst\u00e4ndiges Weihnachtsprogramm geh\u00f6rt dazu. Mit unseren Liedern \u00fcber K\u00fcste, Wind und Meer begeistern wir Menschen jeden Alters \u2013 l\u00e4ngst auch weit \u00fcber die Grenzen der Region hinaus.<\/p>\n\n\n<div class=\"wp-block-image\">\n<figure class=\"aligncenter size-large is-resized\"><img loading=\"lazy\" decoding=\"async\" width=\"473\" height=\"1024\" src=\"https:\/\/shantychor-celle.de\/wp-content\/uploads\/2026\/03\/20250921_092356-473x1024.jpg\" alt=\"\" class=\"wp-image-892\" style=\"aspect-ratio:0.6669948783042112;object-fit:cover;width:512px;height:auto\" srcset=\"https:\/\/shantychor-celle.de\/wp-content\/uploads\/2026\/03\/20250921_092356-473x1024.jpg 473w, https:\/\/shantychor-celle.de\/wp-content\/uploads\/2026\/03\/20250921_092356-139x300.jpg 139w, https:\/\/shantychor-celle.de\/wp-content\/uploads\/2026\/03\/20250921_092356-768x1663.jpg 768w, https:\/\/shantychor-celle.de\/wp-content\/uploads\/2026\/03\/20250921_092356-709x1536.jpg 709w, https:\/\/shantychor-celle.de\/wp-content\/uploads\/2026\/03\/20250921_092356-946x2048.jpg 946w, https:\/\/shantychor-celle.de\/wp-content\/uploads\/2026\/03\/20250921_092356-scaled.jpg 1182w\" sizes=\"auto, (max-width: 473px) 100vw, 473px\" \/><figcaption class=\"wp-element-caption\">Shanty-Chor Celle<\/figcaption><\/figure>\n<\/div>\n\n\n<p>Zu unseren Aktivit\u00e4ten z\u00e4hlen Auftritte bei sozialen und karitativen Einrichtungen, privaten Veranstaltungen sowie gro\u00dfen Festivals im In- und Ausland. Neben regelm\u00e4\u00dfiger Probenarbeit sind vor allem Kameradschaft, Zusammenhalt und die gemeinsame Freude an der Musik das Fundament unseres Vereins.<\/p>\n\n\n\n<p>Mit einem herzlichen <strong>\u201eSchiff Ahoi!\u201c<\/strong> w\u00fcnschen wir Ihnen nun viel Freude beim Entdecken unserer Website.<\/p>\n\n\n\n<p>Hartmut Ensslen<br>(1. Vorsitzender)<\/p>\n","protected":false},"excerpt":{"rendered":"<p>Moin Moin, liebe Freunde der Shanty-Musik! Seit unserer Gr\u00fcndung im Jahr 1997 steht der Shanty-Chor Celle von 1997 e.V. unter einem einfachen, aber wichtigen Motto:\u201eMit Singen Freude bereiten.\u201c Diese Freude erleben wir nicht nur selbst beim gemeinsamen Musizieren, sondern m\u00f6chten sie vor allem auch mit unserem Publikum teilen. Besonders stolz sind wir darauf, dass sich unser Chor in den vergangenen Jahrzehnten entgegen vieler allgemeiner Entwicklungen im Chorwesen stetig vergr\u00f6\u00dfert hat. Aus anf\u00e4nglich 12 Mitgliedern ist eine starke Gemeinschaft von rund 30 S\u00e4ngerinnen und S\u00e4ngern geworden. Begleitet wird unser Gesang von Akkordeons und Gitarren \u2013, die unserem Klangbild eine besondere maritime&#8230; <a href=\"https:\/\/shantychor-celle.de\/?page_id=36\" class=\"readmore\">Weiterlesen<span class=\"screen-reader-text\">Ahoi!<\/span><span class=\"fa fa-angle-double-right\" aria-hidden=\"true\"><\/span><\/a><\/p>\n","protected":false},"author":1,"featured_media":0,"parent":0,"menu_order":0,"comment_status":"closed","ping_status":"closed","template":"","meta":{"footnotes":""},"class_list":["post-36","page","type-page","status-publish","hentry"],"_links":{"self":[{"href":"https:\/\/shantychor-celle.de\/index.php?rest_route=\/wp\/v2\/pages\/36","targetHints":{"allow":["GET"]}}],"collection":[{"href":"https:\/\/shantychor-celle.de\/index.php?rest_route=\/wp\/v2\/pages"}],"about":[{"href":"https:\/\/shantychor-celle.de\/index.php?rest_route=\/wp\/v2\/types\/page"}],"author":[{"embeddable":true,"href":"https:\/\/shantychor-celle.de\/index.php?rest_route=\/wp\/v2\/users\/1"}],"replies":[{"embeddable":true,"href":"https:\/\/shantychor-celle.de\/index.php?rest_route=%2Fwp%2Fv2%2Fcomments&post=36"}],"version-history":[{"count":5,"href":"https:\/\/shantychor-celle.de\/index.php?rest_route=\/wp\/v2\/pages\/36\/revisions"}],"predecessor-version":[{"id":895,"href":"https:\/\/shantychor-celle.de\/index.php?rest_route=\/wp\/v2\/pages\/36\/revisions\/895"}],"wp:attachment":[{"href":"https:\/\/shantychor-celle.de\/index.php?rest_route=%2Fwp%2Fv2%2Fmedia&parent=36"}],"curies":[{"name":"wp","href":"https:\/\/api.w.org\/{rel}","templated":true}]}}