{"id":30,"date":"2026-03-15T13:38:45","date_gmt":"2026-03-15T12:38:45","guid":{"rendered":"https:\/\/shantychor-celle.de\/?page_id=30"},"modified":"2026-03-31T09:21:15","modified_gmt":"2026-03-31T07:21:15","slug":"termine","status":"publish","type":"page","link":"https:\/\/shantychor-celle.de\/?page_id=30","title":{"rendered":"Termine"},"content":{"rendered":"\n<p>Wir freuen uns darauf, bei verschiedenen Veranstaltungen, Festen und Konzerten f\u00fcr gute Stimmung zu sorgen und gemeinsam mit Ihnen die Freude an der Musik zu teilen.<\/p>\n\n\n\n<p>Auch in Zukunft m\u00f6chten wir unser Publikum mit maritimen Liedern, Shanties und Seemannsmusik begeistern. Auf dieser Seite finden Sie eine \u00dcbersicht unserer kommenden Auftritte und Veranstaltungen. Die Terminliste wird regelm\u00e4\u00dfig aktualisiert, sodass Sie jederzeit sehen k\u00f6nnen, wann und wo Sie uns live erleben k\u00f6nnen.<\/p>\n\n\n\n<p><strong>Unsere n\u00e4chsten Termine &#8211; Stand: 27.03.2026<\/strong><br><\/p>\n\n\n\n<ul class=\"wp-block-list\">\n<li><em>28. November 2026 15:00<\/em><br><strong>Adventskonzert Aula Lobetal<br><\/strong>Wietzenbruch, Garnseeweg<br><br><\/li>\n\n\n\n<li><em>29.August.2026 17:00<\/em><br><strong>Chorfest Aula Ernestinum Schulzentrum Burgstasse<\/strong><br><br><\/li>\n\n\n\n<li><em>07. Juni 2026 10:00<\/em><br><strong>offener Fr\u00fchschoppen Celler Hafen, <br><\/strong>Hafenstrasse 21<br> <br><\/li>\n\n\n\n<li><em>09. Mai 2026 (Ganzt\u00e4gig)<\/em><br><strong>Auftritt auf dem Hafenfest in Celle<\/strong><br>Hafenstra\u00dfe 11c, 29223 Celle<br><br><\/li>\n<\/ul>\n\n\n\n<p>Weitere Termine werden laufend erg\u00e4nzt, Irrt\u00fcmer behalten wir uns vor.<\/p>\n\n\n\n<p>Wir freuen uns darauf, Sie bei einem unserer Auftritte begr\u00fc\u00dfen zu d\u00fcrfen.<\/p>\n\n\n\n<p><strong>Schiff Ahoi<\/strong>!<\/p>\n\n\n\n<p><\/p>\n","protected":false},"excerpt":{"rendered":"<p>Wir freuen uns darauf, bei verschiedenen Veranstaltungen, Festen und Konzerten f\u00fcr gute Stimmung zu sorgen und gemeinsam mit Ihnen die Freude an der Musik zu teilen. Auch in Zukunft m\u00f6chten wir unser Publikum mit maritimen Liedern, Shanties und Seemannsmusik begeistern. Auf dieser Seite finden Sie eine \u00dcbersicht unserer kommenden Auftritte und Veranstaltungen. Die Terminliste wird regelm\u00e4\u00dfig aktualisiert, sodass Sie jederzeit sehen k\u00f6nnen, wann und wo Sie uns live erleben k\u00f6nnen. Unsere n\u00e4chsten Termine &#8211; Stand: 27.03.2026 Weitere Termine werden laufend erg\u00e4nzt, Irrt\u00fcmer behalten wir uns vor. Wir freuen uns darauf, Sie bei einem unserer Auftritte begr\u00fc\u00dfen zu d\u00fcrfen. Schiff Ahoi!<\/p>\n","protected":false},"author":1,"featured_media":0,"parent":0,"menu_order":0,"comment_status":"closed","ping_status":"closed","template":"","meta":{"footnotes":""},"class_list":["post-30","page","type-page","status-publish","hentry"],"_links":{"self":[{"href":"https:\/\/shantychor-celle.de\/index.php?rest_route=\/wp\/v2\/pages\/30","targetHints":{"allow":["GET"]}}],"collection":[{"href":"https:\/\/shantychor-celle.de\/index.php?rest_route=\/wp\/v2\/pages"}],"about":[{"href":"https:\/\/shantychor-celle.de\/index.php?rest_route=\/wp\/v2\/types\/page"}],"author":[{"embeddable":true,"href":"https:\/\/shantychor-celle.de\/index.php?rest_route=\/wp\/v2\/users\/1"}],"replies":[{"embeddable":true,"href":"https:\/\/shantychor-celle.de\/index.php?rest_route=%2Fwp%2Fv2%2Fcomments&post=30"}],"version-history":[{"count":11,"href":"https:\/\/shantychor-celle.de\/index.php?rest_route=\/wp\/v2\/pages\/30\/revisions"}],"predecessor-version":[{"id":997,"href":"https:\/\/shantychor-celle.de\/index.php?rest_route=\/wp\/v2\/pages\/30\/revisions\/997"}],"wp:attachment":[{"href":"https:\/\/shantychor-celle.de\/index.php?rest_route=%2Fwp%2Fv2%2Fmedia&parent=30"}],"curies":[{"name":"wp","href":"https:\/\/api.w.org\/{rel}","templated":true}]}}